{"id":13,"date":"2026-02-10T17:08:28","date_gmt":"2026-02-10T17:08:28","guid":{"rendered":"https:\/\/jonkar.rkinformatika.online\/?page_id=13"},"modified":"2026-02-13T09:21:39","modified_gmt":"2026-02-13T09:21:39","slug":"servicios","status":"publish","type":"page","link":"https:\/\/jonkar.es\/eu\/servicios\/","title":{"rendered":"Zerbitzuak"},"content":{"rendered":"<div data-elementor-type=\"wp-page\" data-elementor-id=\"13\" class=\"elementor elementor-13\" data-elementor-post-type=\"page\">\n\t\t\t\t<div class=\"elementor-element elementor-element-ccf56f6 e-flex e-con-boxed e-con e-parent\" data-id=\"ccf56f6\" data-element_type=\"container\" data-e-type=\"container\" data-settings=\"{&quot;background_background&quot;:&quot;classic&quot;}\">\n\t\t\t\t\t<div class=\"e-con-inner\">\n\t\t\t\t\t<\/div>\n\t\t\t\t<\/div>\n\t\t<div class=\"elementor-element elementor-element-f94c8b4 animated-slow e-flex e-con-boxed elementor-invisible e-con e-parent\" data-id=\"f94c8b4\" data-element_type=\"container\" data-e-type=\"container\" data-settings=\"{&quot;animation&quot;:&quot;fadeInUp&quot;}\">\n\t\t\t\t\t<div class=\"e-con-inner\">\n\t\t<div class=\"elementor-element elementor-element-15147d5 e-con-full e-flex e-con e-child\" data-id=\"15147d5\" data-element_type=\"container\" data-e-type=\"container\">\n\t\t\t\t<div class=\"elementor-element elementor-element-d365168 elementor-widget elementor-widget-heading\" data-id=\"d365168\" data-element_type=\"widget\" data-e-type=\"widget\" data-widget_type=\"heading.default\">\n\t\t\t\t\t<h2 class=\"elementor-heading-title elementor-size-default\">Asesoramiento jur\u00eddico integral a empresas<\/h2>\t\t\t\t<\/div>\n\t\t\t\t<\/div>\n\t\t<div class=\"elementor-element elementor-element-3bfd7da e-con-full e-flex e-con e-child\" data-id=\"3bfd7da\" data-element_type=\"container\" data-e-type=\"container\">\n\t\t\t\t<div class=\"elementor-element elementor-element-0267f2a elementor-widget elementor-widget-heading\" data-id=\"0267f2a\" data-element_type=\"widget\" data-e-type=\"widget\" data-widget_type=\"heading.default\">\n\t\t\t\t\t<h2 class=\"elementor-heading-title elementor-size-default\">Derecho mercantil y societario<\/h2>\t\t\t\t<\/div>\n\t\t\t\t<\/div>\n\t\t<div class=\"elementor-element elementor-element-2402221 e-con-full e-flex e-con e-child\" data-id=\"2402221\" data-element_type=\"container\" data-e-type=\"container\">\n\t\t\t\t<div class=\"elementor-element elementor-element-356d3e5 elementor-widget elementor-widget-heading\" data-id=\"356d3e5\" data-element_type=\"widget\" data-e-type=\"widget\" data-widget_type=\"heading.default\">\n\t\t\t\t\t<h2 class=\"elementor-heading-title elementor-size-default\">Constituci\u00f3n de sociedades<\/h2>\t\t\t\t<\/div>\n\t\t\t\t<\/div>\n\t\t<div class=\"elementor-element elementor-element-9b4fcf0 e-con-full e-flex e-con e-child\" data-id=\"9b4fcf0\" data-element_type=\"container\" data-e-type=\"container\">\n\t\t\t\t<div class=\"elementor-element elementor-element-1c83408 elementor-widget elementor-widget-heading\" data-id=\"1c83408\" data-element_type=\"widget\" data-e-type=\"widget\" data-widget_type=\"heading.default\">\n\t\t\t\t\t<h2 class=\"elementor-heading-title elementor-size-default\">Redacci\u00f3n y revisi\u00f3n de contratos<\/h2>\t\t\t\t<\/div>\n\t\t\t\t<\/div>\n\t\t<div class=\"elementor-element elementor-element-f95ac68 e-con-full e-flex e-con e-child\" data-id=\"f95ac68\" data-element_type=\"container\" data-e-type=\"container\">\n\t\t\t\t<div class=\"elementor-element elementor-element-09d116f elementor-widget elementor-widget-heading\" data-id=\"09d116f\" data-element_type=\"widget\" data-e-type=\"widget\" data-widget_type=\"heading.default\">\n\t\t\t\t\t<h2 class=\"elementor-heading-title elementor-size-default\">Asesoramiento en operaciones comerciales<\/h2>\t\t\t\t<\/div>\n\t\t\t\t<\/div>\n\t\t<div class=\"elementor-element elementor-element-c851275 e-con-full e-flex e-con e-child\" data-id=\"c851275\" data-element_type=\"container\" data-e-type=\"container\">\n\t\t\t\t<div class=\"elementor-element elementor-element-343be92 elementor-widget elementor-widget-heading\" data-id=\"343be92\" data-element_type=\"widget\" data-e-type=\"widget\" data-widget_type=\"heading.default\">\n\t\t\t\t\t<h2 class=\"elementor-heading-title elementor-size-default\">Reclamaciones y resoluci\u00f3n de conflictos<\/h2>\t\t\t\t<\/div>\n\t\t\t\t<\/div>\n\t\t<div class=\"elementor-element elementor-element-9c8ad28 e-con-full e-flex e-con e-child\" data-id=\"9c8ad28\" data-element_type=\"container\" data-e-type=\"container\">\n\t\t\t\t<div class=\"elementor-element elementor-element-5d3869a elementor-widget elementor-widget-heading\" data-id=\"5d3869a\" data-element_type=\"widget\" data-e-type=\"widget\" data-widget_type=\"heading.default\">\n\t\t\t\t\t<h2 class=\"elementor-heading-title elementor-size-default\">Derecho laboral para empresas<\/h2>\t\t\t\t<\/div>\n\t\t\t\t<\/div>\n\t\t<div class=\"elementor-element elementor-element-68d28a0 e-con-full e-flex e-con e-child\" data-id=\"68d28a0\" data-element_type=\"container\" data-e-type=\"container\">\n\t\t\t\t<div class=\"elementor-element elementor-element-04515f7 elementor-widget elementor-widget-heading\" data-id=\"04515f7\" data-element_type=\"widget\" data-e-type=\"widget\" data-widget_type=\"heading.default\">\n\t\t\t\t\t<h2 class=\"elementor-heading-title elementor-size-default\">Cumplimiento normativo (compliance)<\/h2>\t\t\t\t<\/div>\n\t\t\t\t<\/div>\n\t\t<div class=\"elementor-element elementor-element-6bf0981 e-con-full e-flex e-con e-child\" data-id=\"6bf0981\" data-element_type=\"container\" data-e-type=\"container\">\n\t\t\t\t<div class=\"elementor-element elementor-element-0b351c2 elementor-widget elementor-widget-heading\" data-id=\"0b351c2\" data-element_type=\"widget\" data-e-type=\"widget\" data-widget_type=\"heading.default\">\n\t\t\t\t\t<h2 class=\"elementor-heading-title elementor-size-default\">Asistencia en negociaciones<\/h2>\t\t\t\t<\/div>\n\t\t\t\t<\/div>\n\t\t\t\t\t<\/div>\n\t\t\t\t<\/div>\n\t\t<div class=\"elementor-element elementor-element-58e13b2 animated-slow e-flex e-con-boxed elementor-invisible e-con e-parent\" data-id=\"58e13b2\" data-element_type=\"container\" data-e-type=\"container\" data-settings=\"{&quot;background_background&quot;:&quot;classic&quot;,&quot;animation&quot;:&quot;fadeInUp&quot;}\">\n\t\t\t\t\t<div class=\"e-con-inner\">\n\t\t\t\t<div class=\"elementor-element elementor-element-25b6f5c elementor-widget elementor-widget-heading\" data-id=\"25b6f5c\" data-element_type=\"widget\" data-e-type=\"widget\" data-widget_type=\"heading.default\">\n\t\t\t\t\t<h2 class=\"elementor-heading-title elementor-size-default\">\u00bfBusca asesoramiento jur\u00eddico para su empresa? Cont\u00e1ctenos y le ayudamos.<\/h2>\t\t\t\t<\/div>\n\t\t\t\t<div class=\"elementor-element elementor-element-f67ac51 elementor-align-center elementor-widget elementor-widget-button\" data-id=\"f67ac51\" data-element_type=\"widget\" data-e-type=\"widget\" data-widget_type=\"button.default\">\n\t\t\t\t\t\t\t\t\t\t<a class=\"elementor-button elementor-button-link elementor-size-sm elementor-animation-grow\" href=\"https:\/\/jonkar.es\/eu\/contacto\/\">\n\t\t\t\t\t\t<span class=\"elementor-button-content-wrapper\">\n\t\t\t\t\t\t\t\t\t<span class=\"elementor-button-text\">Kontaktua<\/span>\n\t\t\t\t\t<\/span>\n\t\t\t\t\t<\/a>\n\t\t\t\t\t\t\t\t<\/div>\n\t\t\t\t\t<\/div>\n\t\t\t\t<\/div>\n\t\t\t\t<\/div>","protected":false},"excerpt":{"rendered":"<p>Asesoramiento jur\u00eddico integral a empresas Derecho mercantil y societario Constituci\u00f3n de sociedades Redacci\u00f3n y revisi\u00f3n de contratos Asesoramiento en operaciones comerciales Reclamaciones y resoluci\u00f3n de conflictos Derecho laboral para empresas Cumplimiento normativo (compliance) Asistencia en negociaciones \u00bfBusca asesoramiento jur\u00eddico para su empresa? Cont\u00e1ctenos y le ayudamos. Contacto<\/p>","protected":false},"author":1,"featured_media":0,"parent":0,"menu_order":0,"comment_status":"closed","ping_status":"closed","template":"elementor_canvas","meta":{"footnotes":""},"class_list":["post-13","page","type-page","status-publish","hentry"],"yoast_head":"<!-- This site is optimized with the Yoast SEO plugin v27.4 - https:\/\/yoast.com\/product\/yoast-seo-wordpress\/ -->\n<title>Servicios - Jon Karla Menoyo Llano<\/title>\n<meta name=\"robots\" content=\"index, follow, max-snippet:-1, max-image-preview:large, max-video-preview:-1\" \/>\n<link rel=\"canonical\" href=\"https:\/\/jonkar.es\/eu\/servicios\/\" \/>\n<meta property=\"og:locale\" content=\"en_US\" \/>\n<meta property=\"og:type\" content=\"article\" \/>\n<meta property=\"og:title\" content=\"Servicios - Jon Karla Menoyo Llano\" \/>\n<meta property=\"og:description\" content=\"Asesoramiento jur\u00eddico integral a empresas Derecho mercantil y societario Constituci\u00f3n de sociedades Redacci\u00f3n y revisi\u00f3n de contratos Asesoramiento en operaciones comerciales Reclamaciones y resoluci\u00f3n de conflictos Derecho laboral para empresas Cumplimiento normativo (compliance) Asistencia en negociaciones \u00bfBusca asesoramiento jur\u00eddico para su empresa? Cont\u00e1ctenos y le ayudamos. Contacto\" \/>\n<meta property=\"og:url\" content=\"https:\/\/jonkar.es\/eu\/servicios\/\" \/>\n<meta property=\"og:site_name\" content=\"Jon Karla Menoyo Llano\" \/>\n<meta property=\"article:modified_time\" content=\"2026-02-13T09:21:39+00:00\" \/>\n<meta name=\"twitter:card\" content=\"summary_large_image\" \/>\n<meta name=\"twitter:label1\" content=\"Est. reading time\" \/>\n\t<meta name=\"twitter:data1\" content=\"1 minutua\" \/>\n<script type=\"application\/ld+json\" class=\"yoast-schema-graph\">{\"@context\":\"https:\\\/\\\/schema.org\",\"@graph\":[{\"@type\":\"WebPage\",\"@id\":\"https:\\\/\\\/jonkar.es\\\/servicios\\\/\",\"url\":\"https:\\\/\\\/jonkar.es\\\/servicios\\\/\",\"name\":\"Servicios - Jon Karla Menoyo Llano\",\"isPartOf\":{\"@id\":\"https:\\\/\\\/jonkar.es\\\/#website\"},\"datePublished\":\"2026-02-10T17:08:28+00:00\",\"dateModified\":\"2026-02-13T09:21:39+00:00\",\"breadcrumb\":{\"@id\":\"https:\\\/\\\/jonkar.es\\\/servicios\\\/#breadcrumb\"},\"inLanguage\":\"eu\",\"potentialAction\":[{\"@type\":\"ReadAction\",\"target\":[\"https:\\\/\\\/jonkar.es\\\/servicios\\\/\"]}]},{\"@type\":\"BreadcrumbList\",\"@id\":\"https:\\\/\\\/jonkar.es\\\/servicios\\\/#breadcrumb\",\"itemListElement\":[{\"@type\":\"ListItem\",\"position\":1,\"name\":\"Portada\",\"item\":\"https:\\\/\\\/jonkar.es\\\/\"},{\"@type\":\"ListItem\",\"position\":2,\"name\":\"Servicios\"}]},{\"@type\":\"WebSite\",\"@id\":\"https:\\\/\\\/jonkar.es\\\/#website\",\"url\":\"https:\\\/\\\/jonkar.es\\\/\",\"name\":\"Jon Karla Menoyo Llano\",\"description\":\"Abogado\",\"publisher\":{\"@id\":\"https:\\\/\\\/jonkar.es\\\/#organization\"},\"potentialAction\":[{\"@type\":\"SearchAction\",\"target\":{\"@type\":\"EntryPoint\",\"urlTemplate\":\"https:\\\/\\\/jonkar.es\\\/?s={search_term_string}\"},\"query-input\":{\"@type\":\"PropertyValueSpecification\",\"valueRequired\":true,\"valueName\":\"search_term_string\"}}],\"inLanguage\":\"eu\"},{\"@type\":\"Organization\",\"@id\":\"https:\\\/\\\/jonkar.es\\\/#organization\",\"name\":\"Jon Karla Menoyo Llano\",\"url\":\"https:\\\/\\\/jonkar.es\\\/\",\"logo\":{\"@type\":\"ImageObject\",\"inLanguage\":\"eu\",\"@id\":\"https:\\\/\\\/jonkar.es\\\/#\\\/schema\\\/logo\\\/image\\\/\",\"url\":\"https:\\\/\\\/jonkar.es\\\/wp-content\\\/uploads\\\/2026\\\/02\\\/cropped-jonkarlamenoyo202601_logo_web.png\",\"contentUrl\":\"https:\\\/\\\/jonkar.es\\\/wp-content\\\/uploads\\\/2026\\\/02\\\/cropped-jonkarlamenoyo202601_logo_web.png\",\"width\":2249,\"height\":1615,\"caption\":\"Jon Karla Menoyo Llano\"},\"image\":{\"@id\":\"https:\\\/\\\/jonkar.es\\\/#\\\/schema\\\/logo\\\/image\\\/\"}}]}<\/script>\n<!-- \/ Yoast SEO plugin. -->","yoast_head_json":{"title":"Servicios - Jon Karla Menoyo Llano","robots":{"index":"index","follow":"follow","max-snippet":"max-snippet:-1","max-image-preview":"max-image-preview:large","max-video-preview":"max-video-preview:-1"},"canonical":"https:\/\/jonkar.es\/eu\/servicios\/","og_locale":"en_US","og_type":"article","og_title":"Servicios - Jon Karla Menoyo Llano","og_description":"Asesoramiento jur\u00eddico integral a empresas Derecho mercantil y societario Constituci\u00f3n de sociedades Redacci\u00f3n y revisi\u00f3n de contratos Asesoramiento en operaciones comerciales Reclamaciones y resoluci\u00f3n de conflictos Derecho laboral para empresas Cumplimiento normativo (compliance) Asistencia en negociaciones \u00bfBusca asesoramiento jur\u00eddico para su empresa? Cont\u00e1ctenos y le ayudamos. Contacto","og_url":"https:\/\/jonkar.es\/eu\/servicios\/","og_site_name":"Jon Karla Menoyo Llano","article_modified_time":"2026-02-13T09:21:39+00:00","twitter_card":"summary_large_image","twitter_misc":{"Est. reading time":"1 minutua"},"schema":{"@context":"https:\/\/schema.org","@graph":[{"@type":"WebPage","@id":"https:\/\/jonkar.es\/servicios\/","url":"https:\/\/jonkar.es\/servicios\/","name":"Servicios - Jon Karla Menoyo Llano","isPartOf":{"@id":"https:\/\/jonkar.es\/#website"},"datePublished":"2026-02-10T17:08:28+00:00","dateModified":"2026-02-13T09:21:39+00:00","breadcrumb":{"@id":"https:\/\/jonkar.es\/servicios\/#breadcrumb"},"inLanguage":"eu","potentialAction":[{"@type":"ReadAction","target":["https:\/\/jonkar.es\/servicios\/"]}]},{"@type":"BreadcrumbList","@id":"https:\/\/jonkar.es\/servicios\/#breadcrumb","itemListElement":[{"@type":"ListItem","position":1,"name":"Portada","item":"https:\/\/jonkar.es\/"},{"@type":"ListItem","position":2,"name":"Servicios"}]},{"@type":"WebSite","@id":"https:\/\/jonkar.es\/#website","url":"https:\/\/jonkar.es\/","name":"Jon Karla Menoyo Llano","description":"Abogado","publisher":{"@id":"https:\/\/jonkar.es\/#organization"},"potentialAction":[{"@type":"SearchAction","target":{"@type":"EntryPoint","urlTemplate":"https:\/\/jonkar.es\/?s={search_term_string}"},"query-input":{"@type":"PropertyValueSpecification","valueRequired":true,"valueName":"search_term_string"}}],"inLanguage":"eu"},{"@type":"Organization","@id":"https:\/\/jonkar.es\/#organization","name":"Jon Karla Menoyo Llano","url":"https:\/\/jonkar.es\/","logo":{"@type":"ImageObject","inLanguage":"eu","@id":"https:\/\/jonkar.es\/#\/schema\/logo\/image\/","url":"https:\/\/jonkar.es\/wp-content\/uploads\/2026\/02\/cropped-jonkarlamenoyo202601_logo_web.png","contentUrl":"https:\/\/jonkar.es\/wp-content\/uploads\/2026\/02\/cropped-jonkarlamenoyo202601_logo_web.png","width":2249,"height":1615,"caption":"Jon Karla Menoyo Llano"},"image":{"@id":"https:\/\/jonkar.es\/#\/schema\/logo\/image\/"}}]}},"_links":{"self":[{"href":"https:\/\/jonkar.es\/eu\/wp-json\/wp\/v2\/pages\/13","targetHints":{"allow":["GET"]}}],"collection":[{"href":"https:\/\/jonkar.es\/eu\/wp-json\/wp\/v2\/pages"}],"about":[{"href":"https:\/\/jonkar.es\/eu\/wp-json\/wp\/v2\/types\/page"}],"author":[{"embeddable":true,"href":"https:\/\/jonkar.es\/eu\/wp-json\/wp\/v2\/users\/1"}],"replies":[{"embeddable":true,"href":"https:\/\/jonkar.es\/eu\/wp-json\/wp\/v2\/comments?post=13"}],"version-history":[{"count":43,"href":"https:\/\/jonkar.es\/eu\/wp-json\/wp\/v2\/pages\/13\/revisions"}],"predecessor-version":[{"id":248,"href":"https:\/\/jonkar.es\/eu\/wp-json\/wp\/v2\/pages\/13\/revisions\/248"}],"wp:attachment":[{"href":"https:\/\/jonkar.es\/eu\/wp-json\/wp\/v2\/media?parent=13"}],"curies":[{"name":"wp","href":"https:\/\/api.w.org\/{rel}","templated":true}]}}