{"id":10,"date":"2026-02-10T17:07:01","date_gmt":"2026-02-10T17:07:01","guid":{"rendered":"https:\/\/jonkar.rkinformatika.online\/?page_id=10"},"modified":"2026-02-12T15:54:48","modified_gmt":"2026-02-12T15:54:48","slug":"inicio","status":"publish","type":"page","link":"https:\/\/jonkar.es\/eu\/","title":{"rendered":"Hasiera"},"content":{"rendered":"<div data-elementor-type=\"wp-page\" data-elementor-id=\"10\" class=\"elementor elementor-10\" data-elementor-post-type=\"page\">\n\t\t\t\t<div class=\"elementor-element elementor-element-ab52289 animated-slow e-flex e-con-boxed elementor-invisible e-con e-parent\" data-id=\"ab52289\" data-element_type=\"container\" data-e-type=\"container\" data-settings=\"{&quot;background_background&quot;:&quot;classic&quot;,&quot;animation&quot;:&quot;fadeIn&quot;}\">\n\t\t\t\t\t<div class=\"e-con-inner\">\n\t\t\t\t\t<\/div>\n\t\t\t\t<\/div>\n\t\t<div class=\"elementor-element elementor-element-5c5ec08 animated-slow e-flex e-con-boxed elementor-invisible e-con e-parent\" data-id=\"5c5ec08\" data-element_type=\"container\" data-e-type=\"container\" data-settings=\"{&quot;background_background&quot;:&quot;classic&quot;,&quot;animation&quot;:&quot;fadeInUp&quot;}\">\n\t\t\t\t\t<div class=\"e-con-inner\">\n\t\t<div class=\"elementor-element elementor-element-1094a0d e-con-full e-flex e-con e-child\" data-id=\"1094a0d\" data-element_type=\"container\" data-e-type=\"container\">\n\t\t\t\t<div class=\"elementor-element elementor-element-6d4684d elementor-widget elementor-widget-heading\" data-id=\"6d4684d\" data-element_type=\"widget\" data-e-type=\"widget\" data-widget_type=\"heading.default\">\n\t\t\t\t\t<h2 class=\"elementor-heading-title elementor-size-default\">Guri buruz:<\/h2>\t\t\t\t<\/div>\n\t\t\t\t<div class=\"elementor-element elementor-element-57224a5 elementor-widget elementor-widget-text-editor\" data-id=\"57224a5\" data-element_type=\"widget\" data-e-type=\"widget\" data-widget_type=\"text-editor.default\">\n\t\t\t\t\t\t\t\t\t<p>30 urte baino gehiagoko esperientzia duen abokatu bulegoa gara, eta aholkularitza juridiko espezializatua eta bezero bakoitzari egokitutako irtenbide eraginkorrak eskaintzen ditugu.<\/p><p>Gure ibilbidean zehar, konpromisoz, zorroztasunez eta erantzukizunez lan egin dugu, konfiantzan eta hurbiltasunean oinarritutako harremanak eraikiz. Gure esperientziak aukera ematen digu kasu bakoitzari ikuspegi estrategiko eta pertsonalizatuarekin heltzeko.<\/p>\t\t\t\t\t\t\t\t<\/div>\n\t\t\t\t<\/div>\n\t\t\t\t\t<\/div>\n\t\t\t\t<\/div>\n\t\t<div class=\"elementor-element elementor-element-f678b2e e-flex e-con-boxed e-con e-parent\" data-id=\"f678b2e\" data-element_type=\"container\" data-e-type=\"container\">\n\t\t\t\t\t<div class=\"e-con-inner\">\n\t\t<div class=\"elementor-element elementor-element-539d656 e-con-full animated-slow e-flex elementor-invisible e-con e-child\" data-id=\"539d656\" data-element_type=\"container\" data-e-type=\"container\" data-settings=\"{&quot;animation&quot;:&quot;fadeInLeft&quot;}\">\n\t\t\t\t<div class=\"elementor-element elementor-element-96f2147 elementor-widget elementor-widget-heading\" data-id=\"96f2147\" data-element_type=\"widget\" data-e-type=\"widget\" data-widget_type=\"heading.default\">\n\t\t\t\t\t<h2 class=\"elementor-heading-title elementor-size-default\">Zertan aritzen gara?<\/h2>\t\t\t\t<\/div>\n\t\t\t\t<div class=\"elementor-element elementor-element-d284b9b elementor-widget elementor-widget-text-editor\" data-id=\"d284b9b\" data-element_type=\"widget\" data-e-type=\"widget\" data-widget_type=\"text-editor.default\">\n\t\t\t\t\t\t\t\t\t<p>Enpresei aholkularitza juridikoa ematen diegu, erabakiak hartzeko, arriskuak prebenitzeko eta gatazkak konpontzeko lege laguntza integrala emanez.<\/p>\t\t\t\t\t\t\t\t<\/div>\n\t\t\t\t<div class=\"elementor-element elementor-element-25ea3eb elementor-widget elementor-widget-heading\" data-id=\"25ea3eb\" data-element_type=\"widget\" data-e-type=\"widget\" data-widget_type=\"heading.default\">\n\t\t\t\t\t<h2 class=\"elementor-heading-title elementor-size-default\">Gure konpromisoa<\/h2>\t\t\t\t<\/div>\n\t\t\t\t<div class=\"elementor-element elementor-element-3b79e27 elementor-widget elementor-widget-text-editor\" data-id=\"3b79e27\" data-element_type=\"widget\" data-e-type=\"widget\" data-widget_type=\"text-editor.default\">\n\t\t\t\t\t\t\t\t\t<p>Zerbitzu profesionala, konfidentziala eta emaitzetara bideratua eskaintzea, gure bezeroei enpresa jardueraren etapa bakoitzean lagunduz.<\/p>\t\t\t\t\t\t\t\t<\/div>\n\t\t\t\t<\/div>\n\t\t<div class=\"elementor-element elementor-element-0cac875 e-con-full animated-slow e-flex elementor-invisible e-con e-child\" data-id=\"0cac875\" data-element_type=\"container\" data-e-type=\"container\" data-settings=\"{&quot;animation&quot;:&quot;fadeInRight&quot;}\">\n\t\t\t\t<div class=\"elementor-element elementor-element-6125d5d elementor-view-default elementor-widget elementor-widget-icon\" data-id=\"6125d5d\" data-element_type=\"widget\" data-e-type=\"widget\" data-widget_type=\"icon.default\">\n\t\t\t\t\t\t\t<div class=\"elementor-icon-wrapper\">\n\t\t\t<div class=\"elementor-icon\">\n\t\t\t<svg xmlns=\"http:\/\/www.w3.org\/2000\/svg\" id=\"Layer_1\" viewbox=\"0 0 100 100\"><g><path d=\"m46.2 37.5h7.5v3h-7.5z\"><\/path><path d=\"m47.8 42.3h4.2v32.1h-4.2z\"><\/path><path d=\"m45.7 81.9h8.6c-1.6-1.7-2.2-4.2-2.2-6h-4.2c-.1 4-2.2 6-2.2 6z\"><\/path><path d=\"m35.5 82.9h28.8v3.4h-28.8z\"><\/path><path d=\"m95 71.2-12.7-27.9c.9-.2 1.6-1.1 1.6-2.1 0-.9-.6-1.7-1.5-2v-2.2c.5-.2 1-.6 1.3-1h2.7c.6 0 1-.5.9-1.1-.1-.5-.5-.8-1-.8h-2.2c-.2-1.2-1.3-2.1-2.6-2.1-1.2 0-2.2.8-2.5 1.9-1.5-1.3-4.7-3.2-9.4-3l-1.7 1 1.4-1.7-2.5-.5s-3 3.4-6.1 2.2c-2-.9-2-2.8-1.7-3.9.2 1.6 1.5 2.9 3.2 2.9 1.8-.1 4.5-2.5 2.6-5-.6-.9-1.6-1.5-2.7-1.4-1.6.1-3 1.3-3.1 3l-2.4 2.2v.3c-.1-.1-.2-.2-.3-.3-.8-.6-1.9-.7-2.8-.6.1-.3.2-.7.2-1.1 0-.5-.1-1.1-.3-1.5 0 0 0 0 .1-.1 3.8 1.4 8.5-2.8 3.1-5.3-1.9-.8-3.5.6-4.4 2-1-2.5-1.6-6.7-1.9-9.2 0-.2-.3-.2-.3 0-.3 4.3-1.5 7.7-2.2 9.3-.9-1.4-2.6-3.2-4.6-2.3-5.4 2.4-.7 6.7 3.1 5.3.1.4.1.7.1 1.1 0 .2-.1.4-.1.7 0 .4.1.8.2 1.1-.8-.1-2 0-2.8.6-.1.1-.2.2-.3.3 0-.2 0-.3 0-.3l-2.4-2.2c-.1-1.6-1.5-2.9-3.1-3-1.1 0-2.1.6-2.7 1.4-1.9 2.6.8 4.9 2.6 5 1.7.1 3-1.2 3.2-2.9.2 1.1.3 3-1.8 3.8-3.1 1.2-6.1-2.2-6.1-2.2l-2.5.5 1.4 1.7-1.7-1c-4.7-.3-7.8 1.7-9.4 3-.3-1.1-1.3-1.9-2.5-1.9-1.3 0-2.3.9-2.6 2.1h-2.2c-.5 0-.9.3-1 .8-.1.6.4 1.1.9 1.1h2.7c.4.5.9.9 1.5 1.1v1.5c-.9.3-1.5 1.1-1.5 2.1s.7 1.8 1.6 2.1l-12.8 27.9c-.1.1 0 .3.1.3h.1c.1 0 .1 0 .2-.1l2.3 2.9c1 1.3 2.5 2 4.2 2h12c1.8 0 3.6-.8 4.7-2.2l2.4-2.8s.1.1.2.1h.1c.1-.1.2-.2.1-.3l-12.6-27.8c.9-.2 1.6-1.1 1.6-2.1 0-.9-.6-1.7-1.5-2v-1.5c.5-.1.9-.4 1.3-.8 0 1.2 1.3 2.2 2.3 2.2 1.3.1 2.3-1 2.3-2.3 0-.8-.4-1.5-1.1-1.9.6-.3 1.3-.7 2.1-1.1 4-1.7 10.8 2.6 14.1 1.5 1.5-.5 2.3-1.5 2.8-2.6.2 1.7 1.2 2.2 1.7 2.3.2.1.5.1.7.1.8 0 1.7-.4 2.1-1.1.5-.8.4-1.7-.3-2.5-.3-.3-.7-.5-1.2-.5-.5.1-.9.3-1.2.8-.2.3-.2.7 0 1s.6.5.9.3c.3-.1.4-.4.3-.7 0 0 .1 0 .1-.1h.1c.4.5.3.8.2.9-.2.3-.8.6-1.3.5-.7-.2-.8-1.1-.8-1.6s.1-.8.4-1c.4-.3 1.1-.4 1.7-.4.2 0 .5.1.7.3.9.8 2.3 2.6 0 4.2l1.4 1.7h1.7 1.7l1.4-1.7c-2.2-1.5-1.1-3.2-.2-4.1.3-.3.7-.5 1.1-.5.5 0 1.1.1 1.5.4.3.2.4.6.4 1 0 .5-.1 1.4-.8 1.6-.5.2-1.1-.1-1.3-.5-.1-.1-.3-.4.2-.9h.1s.1 0 .1.1c-.1.3.1.6.3.7.3.2.7 0 .9-.3s.2-.7 0-1c-.2-.4-.7-.7-1.2-.8-.5 0-.9.1-1.2.5-.7.8-.8 1.7-.3 2.5.4.7 1.3 1.1 2.1 1.1.2 0 .5 0 .7-.1.5-.1 1.5-.6 1.7-2.3.5 1.1 1.3 2.1 2.8 2.6 3.3 1 10.1-3.3 14.1-1.5.9.4 1.6.7 2.1 1.1-.7.4-1.1 1.1-1.1 1.9 0 1.3 1 2.3 2.3 2.3 1 0 2.2-1 2.3-2.2.4.4.9.7 1.4.8v2c-.9.3-1.5 1.1-1.5 2.1s.7 1.8 1.6 2.1l-12.6 28c-.1.1 0 .3.1.3h.1c.1 0 .1 0 .2-.1l2.3 2.9c1 1.3 2.5 2 4.2 2h12c1.8 0 3.6-.8 4.7-2.2l2.4-2.8s.1.1.2.1h.1c.2.1.2-.1.2-.2zm-32.8-44.8c.7 0 1.3.6 1.3 1.3s-.6 1.3-1.3 1.3-1.3-.6-1.3-1.3c0-.8.6-1.3 1.3-1.3zm-7.9-1.9c.5-.6 1.3-1.5 1.9-1 1.3.9-2.7 2.8-2.8 2.8.2-.8.5-1.4.9-1.8zm-11-1.3c.6-.4 1.5.4 1.9 1 .3.4.7 1.1.9 1.8-.1 0-4.1-1.8-2.8-2.8zm-5.6 5.7c-.7 0-1.3-.6-1.3-1.3s.6-1.3 1.3-1.3 1.3.6 1.3 1.3c-.1.8-.6 1.3-1.3 1.3zm-19.7 41.8h-12.5l12.5-27.4zm13 0h-12.5v-27.4zm-11.9-30.1c0 .5-.4.9-.9.9s-.9-.4-.9-.9.4-.9.9-.9.9.4.9.9zm-.8-5c-.6 0-1-.5-1-1 0-.6.5-1 1-1 .6 0 1 .5 1 1s-.5 1-1 1zm4.1 1.6c-.5 0-.9-.4-.9-.9s.4-.9.9-.9.9.4.9.9-.4.9-.9.9zm24.9-6.8c.1 0 .1 0 0 0zm2.6-1c-.8 0-1.5-.7-1.5-1.5s.7-1.5 1.5-1.5 1.5.7 1.5 1.5-.7 1.5-1.5 1.5zm27.5 7.8c-.5 0-.9-.4-.9-.9s.4-.9.9-.9.9.4.9.9-.4.9-.9.9zm3.2-2.7c0-.6.5-1 1-1 .6 0 1 .5 1 1 0 .6-.5 1-1 1-.6.1-1-.4-1-1zm.9 36.8h-12.5l12.4-27.4v27.4zm-.6-30.1c0-.5.4-.9.9-.9s.9.4.9.9-.4.9-.9.9c-.6 0-.9-.4-.9-.9zm1.1 30.1v-27.4l12.5 27.4z\"><\/path><\/g><\/svg>\t\t\t<\/div>\n\t\t<\/div>\n\t\t\t\t\t\t<\/div>\n\t\t\t\t<\/div>\n\t\t\t\t\t<\/div>\n\t\t\t\t<\/div>\n\t\t<div class=\"elementor-element elementor-element-5fc8d5c animated-slow e-flex e-con-boxed elementor-invisible e-con e-parent\" data-id=\"5fc8d5c\" data-element_type=\"container\" data-e-type=\"container\" data-settings=\"{&quot;background_background&quot;:&quot;classic&quot;,&quot;animation&quot;:&quot;fadeInUp&quot;}\">\n\t\t\t\t\t<div class=\"e-con-inner\">\n\t\t\t\t<div class=\"elementor-element elementor-element-95a05e3 elementor-widget elementor-widget-heading\" data-id=\"95a05e3\" data-element_type=\"widget\" data-e-type=\"widget\" data-widget_type=\"heading.default\">\n\t\t\t\t\t<h2 class=\"elementor-heading-title elementor-size-default\">Aurkitu gure zerbitzuak eta aurkitu zure enpresak behar duen irtenbide juridikoa<\/h2>\t\t\t\t<\/div>\n\t\t\t\t<div class=\"elementor-element elementor-element-60efb6c elementor-align-center elementor-widget elementor-widget-button\" data-id=\"60efb6c\" data-element_type=\"widget\" data-e-type=\"widget\" data-widget_type=\"button.default\">\n\t\t\t\t\t\t\t\t\t\t<a class=\"elementor-button elementor-button-link elementor-size-sm elementor-animation-grow\" href=\"https:\/\/jonkar.es\/eu\/servicios\/\">\n\t\t\t\t\t\t<span class=\"elementor-button-content-wrapper\">\n\t\t\t\t\t\t\t\t\t<span class=\"elementor-button-text\">Zerbitzuak<\/span>\n\t\t\t\t\t<\/span>\n\t\t\t\t\t<\/a>\n\t\t\t\t\t\t\t\t<\/div>\n\t\t\t\t\t<\/div>\n\t\t\t\t<\/div>\n\t\t\t\t<\/div>","protected":false},"excerpt":{"rendered":"<p>Sobre Nosotros: Somos un despacho de abogados con m\u00e1s de 30 a\u00f1os de experiencia, ofreciendo asesoramiento jur\u00eddico especializado y soluciones eficaces adaptadas a cada cliente. A lo largo de nuestra trayectoria, hemos trabajado con compromiso, rigor y responsabilidad, construyendo relaciones basadas en la confianza y la cercan\u00eda. Nuestra experiencia nos permite abordar cada caso con [&hellip;]<\/p>\n","protected":false},"author":1,"featured_media":0,"parent":0,"menu_order":0,"comment_status":"closed","ping_status":"closed","template":"elementor_canvas","meta":{"footnotes":""},"class_list":["post-10","page","type-page","status-publish","hentry"],"yoast_head":"<!-- This site is optimized with the Yoast SEO plugin v27.4 - https:\/\/yoast.com\/product\/yoast-seo-wordpress\/ -->\n<title>Inicio - Jon Karla Menoyo Llano<\/title>\n<meta name=\"robots\" content=\"index, follow, max-snippet:-1, max-image-preview:large, max-video-preview:-1\" \/>\n<link rel=\"canonical\" href=\"https:\/\/jonkar.es\/eu\/\" \/>\n<meta property=\"og:locale\" content=\"en_US\" \/>\n<meta property=\"og:type\" content=\"article\" \/>\n<meta property=\"og:title\" content=\"Inicio - Jon Karla Menoyo Llano\" \/>\n<meta property=\"og:description\" content=\"Sobre Nosotros: Somos un despacho de abogados con m\u00e1s de 30 a\u00f1os de experiencia, ofreciendo asesoramiento jur\u00eddico especializado y soluciones eficaces adaptadas a cada cliente. A lo largo de nuestra trayectoria, hemos trabajado con compromiso, rigor y responsabilidad, construyendo relaciones basadas en la confianza y la cercan\u00eda. Nuestra experiencia nos permite abordar cada caso con [&hellip;]\" \/>\n<meta property=\"og:url\" content=\"https:\/\/jonkar.es\/eu\/\" \/>\n<meta property=\"og:site_name\" content=\"Jon Karla Menoyo Llano\" \/>\n<meta property=\"article:modified_time\" content=\"2026-02-12T15:54:48+00:00\" \/>\n<meta name=\"twitter:card\" content=\"summary_large_image\" \/>\n<meta name=\"twitter:label1\" content=\"Est. reading time\" \/>\n\t<meta name=\"twitter:data1\" content=\"1 minutua\" \/>\n<script type=\"application\/ld+json\" class=\"yoast-schema-graph\">{\"@context\":\"https:\\\/\\\/schema.org\",\"@graph\":[{\"@type\":\"WebPage\",\"@id\":\"https:\\\/\\\/jonkar.es\\\/\",\"url\":\"https:\\\/\\\/jonkar.es\\\/\",\"name\":\"Inicio - Jon Karla Menoyo Llano\",\"isPartOf\":{\"@id\":\"https:\\\/\\\/jonkar.es\\\/#website\"},\"datePublished\":\"2026-02-10T17:07:01+00:00\",\"dateModified\":\"2026-02-12T15:54:48+00:00\",\"breadcrumb\":{\"@id\":\"https:\\\/\\\/jonkar.es\\\/#breadcrumb\"},\"inLanguage\":\"eu\",\"potentialAction\":[{\"@type\":\"ReadAction\",\"target\":[\"https:\\\/\\\/jonkar.es\\\/\"]}]},{\"@type\":\"BreadcrumbList\",\"@id\":\"https:\\\/\\\/jonkar.es\\\/#breadcrumb\",\"itemListElement\":[{\"@type\":\"ListItem\",\"position\":1,\"name\":\"Portada\",\"item\":\"https:\\\/\\\/jonkar.es\\\/\"},{\"@type\":\"ListItem\",\"position\":2,\"name\":\"Inicio\"}]},{\"@type\":\"WebSite\",\"@id\":\"https:\\\/\\\/jonkar.es\\\/#website\",\"url\":\"https:\\\/\\\/jonkar.es\\\/\",\"name\":\"Jon Karla Menoyo Llano\",\"description\":\"Abogado\",\"publisher\":{\"@id\":\"https:\\\/\\\/jonkar.es\\\/#organization\"},\"potentialAction\":[{\"@type\":\"SearchAction\",\"target\":{\"@type\":\"EntryPoint\",\"urlTemplate\":\"https:\\\/\\\/jonkar.es\\\/?s={search_term_string}\"},\"query-input\":{\"@type\":\"PropertyValueSpecification\",\"valueRequired\":true,\"valueName\":\"search_term_string\"}}],\"inLanguage\":\"eu\"},{\"@type\":\"Organization\",\"@id\":\"https:\\\/\\\/jonkar.es\\\/#organization\",\"name\":\"Jon Karla Menoyo Llano\",\"url\":\"https:\\\/\\\/jonkar.es\\\/\",\"logo\":{\"@type\":\"ImageObject\",\"inLanguage\":\"eu\",\"@id\":\"https:\\\/\\\/jonkar.es\\\/#\\\/schema\\\/logo\\\/image\\\/\",\"url\":\"https:\\\/\\\/jonkar.es\\\/wp-content\\\/uploads\\\/2026\\\/02\\\/cropped-jonkarlamenoyo202601_logo_web.png\",\"contentUrl\":\"https:\\\/\\\/jonkar.es\\\/wp-content\\\/uploads\\\/2026\\\/02\\\/cropped-jonkarlamenoyo202601_logo_web.png\",\"width\":2249,\"height\":1615,\"caption\":\"Jon Karla Menoyo Llano\"},\"image\":{\"@id\":\"https:\\\/\\\/jonkar.es\\\/#\\\/schema\\\/logo\\\/image\\\/\"}}]}<\/script>\n<!-- \/ Yoast SEO plugin. -->","yoast_head_json":{"title":"Inicio - Jon Karla Menoyo Llano","robots":{"index":"index","follow":"follow","max-snippet":"max-snippet:-1","max-image-preview":"max-image-preview:large","max-video-preview":"max-video-preview:-1"},"canonical":"https:\/\/jonkar.es\/eu\/","og_locale":"en_US","og_type":"article","og_title":"Inicio - Jon Karla Menoyo Llano","og_description":"Sobre Nosotros: Somos un despacho de abogados con m\u00e1s de 30 a\u00f1os de experiencia, ofreciendo asesoramiento jur\u00eddico especializado y soluciones eficaces adaptadas a cada cliente. A lo largo de nuestra trayectoria, hemos trabajado con compromiso, rigor y responsabilidad, construyendo relaciones basadas en la confianza y la cercan\u00eda. Nuestra experiencia nos permite abordar cada caso con [&hellip;]","og_url":"https:\/\/jonkar.es\/eu\/","og_site_name":"Jon Karla Menoyo Llano","article_modified_time":"2026-02-12T15:54:48+00:00","twitter_card":"summary_large_image","twitter_misc":{"Est. reading time":"1 minutua"},"schema":{"@context":"https:\/\/schema.org","@graph":[{"@type":"WebPage","@id":"https:\/\/jonkar.es\/","url":"https:\/\/jonkar.es\/","name":"Inicio - Jon Karla Menoyo Llano","isPartOf":{"@id":"https:\/\/jonkar.es\/#website"},"datePublished":"2026-02-10T17:07:01+00:00","dateModified":"2026-02-12T15:54:48+00:00","breadcrumb":{"@id":"https:\/\/jonkar.es\/#breadcrumb"},"inLanguage":"eu","potentialAction":[{"@type":"ReadAction","target":["https:\/\/jonkar.es\/"]}]},{"@type":"BreadcrumbList","@id":"https:\/\/jonkar.es\/#breadcrumb","itemListElement":[{"@type":"ListItem","position":1,"name":"Portada","item":"https:\/\/jonkar.es\/"},{"@type":"ListItem","position":2,"name":"Inicio"}]},{"@type":"WebSite","@id":"https:\/\/jonkar.es\/#website","url":"https:\/\/jonkar.es\/","name":"Jon Karla Menoyo Llano","description":"Abogado","publisher":{"@id":"https:\/\/jonkar.es\/#organization"},"potentialAction":[{"@type":"SearchAction","target":{"@type":"EntryPoint","urlTemplate":"https:\/\/jonkar.es\/?s={search_term_string}"},"query-input":{"@type":"PropertyValueSpecification","valueRequired":true,"valueName":"search_term_string"}}],"inLanguage":"eu"},{"@type":"Organization","@id":"https:\/\/jonkar.es\/#organization","name":"Jon Karla Menoyo Llano","url":"https:\/\/jonkar.es\/","logo":{"@type":"ImageObject","inLanguage":"eu","@id":"https:\/\/jonkar.es\/#\/schema\/logo\/image\/","url":"https:\/\/jonkar.es\/wp-content\/uploads\/2026\/02\/cropped-jonkarlamenoyo202601_logo_web.png","contentUrl":"https:\/\/jonkar.es\/wp-content\/uploads\/2026\/02\/cropped-jonkarlamenoyo202601_logo_web.png","width":2249,"height":1615,"caption":"Jon Karla Menoyo Llano"},"image":{"@id":"https:\/\/jonkar.es\/#\/schema\/logo\/image\/"}}]}},"_links":{"self":[{"href":"https:\/\/jonkar.es\/eu\/wp-json\/wp\/v2\/pages\/10","targetHints":{"allow":["GET"]}}],"collection":[{"href":"https:\/\/jonkar.es\/eu\/wp-json\/wp\/v2\/pages"}],"about":[{"href":"https:\/\/jonkar.es\/eu\/wp-json\/wp\/v2\/types\/page"}],"author":[{"embeddable":true,"href":"https:\/\/jonkar.es\/eu\/wp-json\/wp\/v2\/users\/1"}],"replies":[{"embeddable":true,"href":"https:\/\/jonkar.es\/eu\/wp-json\/wp\/v2\/comments?post=10"}],"version-history":[{"count":82,"href":"https:\/\/jonkar.es\/eu\/wp-json\/wp\/v2\/pages\/10\/revisions"}],"predecessor-version":[{"id":172,"href":"https:\/\/jonkar.es\/eu\/wp-json\/wp\/v2\/pages\/10\/revisions\/172"}],"wp:attachment":[{"href":"https:\/\/jonkar.es\/eu\/wp-json\/wp\/v2\/media?parent=10"}],"curies":[{"name":"wp","href":"https:\/\/api.w.org\/{rel}","templated":true}]}}